{"id":27528,"date":"2025-05-23T13:26:38","date_gmt":"2025-05-23T13:26:38","guid":{"rendered":"https:\/\/birch.games\/?page_id=27528"},"modified":"2025-09-23T14:12:21","modified_gmt":"2025-09-23T14:12:21","slug":"support","status":"publish","type":"page","link":"https:\/\/birch.games\/tr\/support\/","title":{"rendered":"Destek"},"content":{"rendered":"<div data-elementor-type=\"wp-page\" data-elementor-id=\"27528\" class=\"elementor elementor-27528\" data-elementor-post-type=\"page\">\n\t\t\t\t<div class=\"elementor-element elementor-element-e5f9b80 e-flex e-con-boxed e-con e-parent\" data-id=\"e5f9b80\" data-element_type=\"container\" data-e-type=\"container\">\n\t\t\t\t\t<div class=\"e-con-inner\">\n\t\t\t\t<div class=\"elementor-element elementor-element-655a755 elementor-widget elementor-widget-search\" data-id=\"655a755\" data-element_type=\"widget\" data-e-type=\"widget\" data-settings=\"{&quot;live_results&quot;:&quot;yes&quot;,&quot;template_id&quot;:&quot;27625&quot;,&quot;submit_trigger&quot;:&quot;both&quot;,&quot;minimum_search_characters&quot;:2,&quot;pagination_type_options&quot;:&quot;none&quot;,&quot;results_is_dropdown_width&quot;:&quot;search_field&quot;}\" data-widget_type=\"search.default\">\n\t\t\t\t<div class=\"elementor-widget-container\">\n\t\t\t\t\t\t\t<search class=\"e-search hidden\" role=\"search\">\n\t\t\t<form class=\"e-search-form\" action=\"https:\/\/birch.games\/tr\/\" method=\"get\" data-trp-original-action=\"https:\/\/birch.games\/tr\">\n\n\t\t\t\t\n\t\t\t\t<label class=\"e-search-label\" for=\"search-655a755\">\n\t\t\t\t\t<span class=\"elementor-screen-only\">\n\t\t\t\t\t\tAra\t\t\t\t\t<\/span>\n\t\t\t\t\t\t\t\t\t<\/label>\n\n\t\t\t\t<div class=\"e-search-input-wrapper\">\n\t\t\t\t\t<input id=\"search-655a755\" placeholder=\"Makale ara\" class=\"e-search-input\" type=\"search\" name=\"s\" value=\"\" autocomplete=\"off\" role=\"combobox\" aria-autocomplete=\"list\" aria-expanded=\"false\" aria-controls=\"results-655a755\" aria-haspopup=\"listbox\">\n\t\t\t\t\t<svg aria-hidden=\"true\" class=\"e-font-icon-svg e-fas-times\" viewbox=\"0 0 352 512\" xmlns=\"http:\/\/www.w3.org\/2000\/svg\"><path d=\"M242.72 256l100.07-100.07c12.28-12.28 12.28-32.19 0-44.48l-22.24-22.24c-12.28-12.28-32.19-12.28-44.48 0L176 189.28 75.93 89.21c-12.28-12.28-32.19-12.28-44.48 0L9.21 111.45c-12.28 12.28-12.28 32.19 0 44.48L109.28 256 9.21 356.07c-12.28 12.28-12.28 32.19 0 44.48l22.24 22.24c12.28 12.28 32.2 12.28 44.48 0L176 322.72l100.07 100.07c12.28 12.28 32.2 12.28 44.48 0l22.24-22.24c12.28-12.28 12.28-32.19 0-44.48L242.72 256z\"><\/path><\/svg>\t\t\t\t\t\t\t\t\t\t<output id=\"results-655a755\" class=\"e-search-results-container hide-loader\" aria-live=\"polite\" aria-atomic=\"true\" aria-label=\"Results for search\" tabindex=\"0\">\n\t\t\t\t\t\t<div class=\"e-search-results\"><\/div>\n\t\t\t\t\t\t\t\t\t<div class=\"e-search-loader\">\n\t\t\t\t<svg xmlns=\"http:\/\/www.w3.org\/2000\/svg\" viewbox=\"0 0 28 28\">\n\t\t\t\t\t<path fill-rule=\"evenodd\" d=\"M14 .188c.587 0 1.063.475 1.063 1.062V5.5a1.063 1.063 0 0 1-2.126 0V1.25c0-.587.476-1.063 1.063-1.063ZM4.182 4.181a1.063 1.063 0 0 1 1.503 0L8.73 7.228A1.062 1.062 0 1 1 7.228 8.73L4.182 5.685a1.063 1.063 0 0 1 0-1.503Zm19.636 0a1.063 1.063 0 0 1 0 1.503L20.772 8.73a1.062 1.062 0 1 1-1.502-1.502l3.045-3.046a1.063 1.063 0 0 1 1.503 0ZM.188 14c0-.587.475-1.063 1.062-1.063H5.5a1.063 1.063 0 0 1 0 2.126H1.25A1.063 1.063 0 0 1 .187 14Zm21.25 0c0-.587.475-1.063 1.062-1.063h4.25a1.063 1.063 0 0 1 0 2.126H22.5A1.063 1.063 0 0 1 21.437 14ZM8.73 19.27a1.062 1.062 0 0 1 0 1.502l-3.045 3.046a1.063 1.063 0 0 1-1.503-1.503l3.046-3.046a1.063 1.063 0 0 1 1.502 0Zm10.54 0a1.063 1.063 0 0 1 1.502 0l3.046 3.045a1.063 1.063 0 0 1-1.503 1.503l-3.046-3.046a1.063 1.063 0 0 1 0-1.502ZM14 21.438c.587 0 1.063.475 1.063 1.062v4.25a1.063 1.063 0 0 1-2.126 0V22.5c0-.587.476-1.063 1.063-1.063Z\"\/>\n\t\t\t\t<\/svg>\n\t\t\t<\/div>\n\t\t\t\t\t\t\t\t<\/output>\n\t\t\t\t\t\t\t\t\t<\/div>\n\t\t\t\t\n\t\t\t\t\n\t\t\t\t<button class=\"e-search-submit\" type=\"submit\" aria-label=\"Ara\">\n\t\t\t\t\t<svg aria-hidden=\"true\" class=\"e-font-icon-svg e-fas-search\" viewbox=\"0 0 512 512\" xmlns=\"http:\/\/www.w3.org\/2000\/svg\"><path d=\"M505 442.7L405.3 343c-4.5-4.5-10.6-7-17-7H372c27.6-35.3 44-79.7 44-128C416 93.1 322.9 0 208 0S0 93.1 0 208s93.1 208 208 208c48.3 0 92.7-16.4 128-44v16.3c0 6.4 2.5 12.5 7 17l99.7 99.7c9.4 9.4 24.6 9.4 33.9 0l28.3-28.3c9.4-9.4 9.4-24.6.1-34zM208 336c-70.7 0-128-57.2-128-128 0-70.7 57.2-128 128-128 70.7 0 128 57.2 128 128 0 70.7-57.2 128-128 128z\"><\/path><\/svg>\n\t\t\t\t\t\t\t\t\t<\/button>\n\t\t\t\t<input type=\"hidden\" name=\"e_search_props\" value=\"655a755-27528\">\n\t\t\t<input type=\"hidden\" name=\"trp-form-language\" value=\"tr\"\/><\/form>\n\t\t<\/search>\n\t\t\t\t\t\t<\/div>\n\t\t\t\t<\/div>\n\t\t\t\t<div class=\"elementor-element elementor-element-4d0e907 elementor-posts--thumbnail-none elementor-grid-3 elementor-grid-tablet-2 elementor-grid-mobile-1 elementor-card-shadow-yes elementor-posts__hover-gradient elementor-widget elementor-widget-posts\" data-id=\"4d0e907\" data-element_type=\"widget\" data-e-type=\"widget\" data-settings=\"{&quot;pagination_type&quot;:&quot;prev_next&quot;,&quot;cards_columns&quot;:&quot;3&quot;,&quot;cards_columns_tablet&quot;:&quot;2&quot;,&quot;cards_columns_mobile&quot;:&quot;1&quot;,&quot;cards_row_gap&quot;:{&quot;unit&quot;:&quot;px&quot;,&quot;size&quot;:35,&quot;sizes&quot;:[]},&quot;cards_row_gap_tablet&quot;:{&quot;unit&quot;:&quot;px&quot;,&quot;size&quot;:&quot;&quot;,&quot;sizes&quot;:[]},&quot;cards_row_gap_mobile&quot;:{&quot;unit&quot;:&quot;px&quot;,&quot;size&quot;:&quot;&quot;,&quot;sizes&quot;:[]}}\" data-widget_type=\"posts.cards\">\n\t\t\t\t<div class=\"elementor-widget-container\">\n\t\t\t\t\t\t\t<div class=\"elementor-posts-container elementor-posts elementor-posts--skin-cards elementor-grid\" role=\"list\">\n\t\t\t\t<article class=\"elementor-post elementor-grid-item post-27612 post type-post status-publish format-standard hentry category-support\" role=\"listitem\">\n\t\t\t<div class=\"elementor-post__card\">\n\t\t\t\t<div class=\"elementor-post__text\">\n\t\t\t\t<h6 class=\"elementor-post__title\">\n\t\t\t<a href=\"https:\/\/birch.games\/tr\/how-do-i-have-my-personal-data-deleted\/\" >\n\t\t\t\tKi\u015fisel hesap ve verimi nas\u0131l silerim?\t\t\t<\/a>\n\t\t<\/h6>\n\t\t\t\t<div class=\"elementor-post__excerpt\">\n\t\t\t<p>Herhangi bir kullan\u0131c\u0131m\u0131z, Gizlilik Politikam\u0131z uyar\u0131nca ki\u015fisel verilerinin silinmesini talep edebilir.<\/p>\n\t\t<\/div>\n\t\t\n\t\t<a class=\"elementor-post__read-more\" href=\"https:\/\/birch.games\/tr\/how-do-i-have-my-personal-data-deleted\/\" aria-label=\"Read more about How do I delete my personal data and my account?\" tabindex=\"-1\" >\n\t\t\tDaha Fazla \u00bb\t\t<\/a>\n\n\t\t\t\t<\/div>\n\t\t\t\t\t<\/div>\n\t\t<\/article>\n\t\t\t\t<article class=\"elementor-post elementor-grid-item post-27553 post type-post status-publish format-standard hentry category-support\" role=\"listitem\">\n\t\t\t<div class=\"elementor-post__card\">\n\t\t\t\t<div class=\"elementor-post__text\">\n\t\t\t\t<h6 class=\"elementor-post__title\">\n\t\t\t<a href=\"https:\/\/birch.games\/tr\/terms-conditions\/\" >\n\t\t\t\tKullan\u0131m Ko\u015fullar\u0131\t\t\t<\/a>\n\t\t<\/h6>\n\t\t\t\t<div class=\"elementor-post__excerpt\">\n\t\t\t<p>H\u0130ZMETLER\u0130M\u0130Z\u0130 KULLANMAYA BA\u015eLAMADAN \u00d6NCE BU \u015eARTLARI D\u0130KKATL\u0130CE OKUMANIZI R\u0130CA EDER\u0130Z.\t\t<\/div>\n\t\t\n\t\t<a class=\"elementor-post__read-more\" href=\"https:\/\/birch.games\/tr\/terms-conditions\/\" aria-label=\"Read more about Terms &amp; Conditions\" tabindex=\"-1\" >\n\t\t\tDaha Fazla \u00bb\t\t<\/a>\n\n\t\t\t\t<\/div>\n\t\t\t\t\t<\/div>\n\t\t<\/article>\n\t\t\t\t<article class=\"elementor-post elementor-grid-item post-27551 post type-post status-publish format-standard hentry category-support\" role=\"listitem\">\n\t\t\t<div class=\"elementor-post__card\">\n\t\t\t\t<div class=\"elementor-post__text\">\n\t\t\t\t<h6 class=\"elementor-post__title\">\n\t\t\t<a href=\"https:\/\/birch.games\/tr\/privacy-policy\/\" >\n\t\t\t\tGizlilik Politikas\u0131\t\t\t<\/a>\n\t\t<\/h6>\n\t\t\t\t<div class=\"elementor-post__excerpt\">\n\t\t\t<p>1. Giri\u015f Biz, Birch Games Oyun Yaz\u0131l\u0131m ve Pazarlama A.\u015e. (k\u0131saca \u201cBirch\u201d\t\t<\/div>\n\t\t\n\t\t<a class=\"elementor-post__read-more\" href=\"https:\/\/birch.games\/tr\/privacy-policy\/\" aria-label=\"Read more about Privacy Policy\" tabindex=\"-1\" >\n\t\t\tDaha Fazla \u00bb\t\t<\/a>\n\n\t\t\t\t<\/div>\n\t\t\t\t\t<\/div>\n\t\t<\/article>\n\t\t\t\t<\/div>\n\t\t\n\t\t\t\t\t\t<\/div>\n\t\t\t\t<\/div>\n\t\t\t\t\t<\/div>\n\t\t\t\t<\/div>\n\t\t<div class=\"elementor-element elementor-element-867a155 e-flex e-con-boxed e-con e-parent\" data-id=\"867a155\" data-element_type=\"container\" data-e-type=\"container\">\n\t\t\t\t\t<div class=\"e-con-inner\">\n\t\t\t\t<div class=\"elementor-element elementor-element-f9f0627 elementor-widget elementor-widget-heading\" data-id=\"f9f0627\" data-element_type=\"widget\" data-e-type=\"widget\" data-widget_type=\"heading.default\">\n\t\t\t\t<div class=\"elementor-widget-container\">\n\t\t\t\t\t<h2 class=\"elementor-heading-title elementor-size-default\">\u0130leti\u015fim<\/h2>\t\t\t\t<\/div>\n\t\t\t\t<\/div>\n\t\t\t\t\t<\/div>\n\t\t\t\t<\/div>\n\t\t<div class=\"elementor-element elementor-element-b255da1 e-flex e-con-boxed e-con e-parent\" data-id=\"b255da1\" data-element_type=\"container\" data-e-type=\"container\">\n\t\t\t\t\t<div class=\"e-con-inner\">\n\t\t\t\t<div class=\"elementor-element elementor-element-f38a05e elementor-widget elementor-widget-rs-cf7\" data-id=\"f38a05e\" data-element_type=\"widget\" data-e-type=\"widget\" data-widget_type=\"rs-cf7.default\">\n\t\t\t\t<div class=\"elementor-widget-container\">\n\t\t\t\t\t\n<div class=\"wpcf7 no-js\" id=\"wpcf7-f27615-o1\" lang=\"en-GB\" dir=\"ltr\" data-wpcf7-id=\"27615\">\n<div class=\"screen-reader-response\"><p role=\"status\" aria-live=\"polite\" aria-atomic=\"true\"><\/p> <ul><\/ul><\/div>\n<form action=\"\/tr\/wp-json\/wp\/v2\/pages\/27528#wpcf7-f27615-o1\" method=\"post\" class=\"wpcf7-form init\" aria-label=\"Contact form\" novalidate=\"novalidate\" data-status=\"init\" data-trp-original-action=\"\/tr\/wp-json\/wp\/v2\/pages\/27528#wpcf7-f27615-o1\">\n<fieldset class=\"hidden-fields-container\"><input type=\"hidden\" name=\"_wpcf7\" value=\"27615\" \/><input type=\"hidden\" name=\"_wpcf7_version\" value=\"6.1.5\" \/><input type=\"hidden\" name=\"_wpcf7_locale\" value=\"en_GB\" \/><input type=\"hidden\" name=\"_wpcf7_unit_tag\" value=\"wpcf7-f27615-o1\" \/><input type=\"hidden\" name=\"_wpcf7_container_post\" value=\"0\" \/><input type=\"hidden\" name=\"_wpcf7_posted_data_hash\" value=\"\" \/>\n<\/fieldset>\n<p><label>Kullan\u0131c\u0131 ID<\/label><br \/>\n<span class=\"wpcf7-form-control-wrap\" data-name=\"user-id\"><input size=\"40\" maxlength=\"400\" minlength=\"9\" class=\"wpcf7-form-control wpcf7-text wpcf7-validates-as-required\" autocomplete=\"off\" aria-required=\"true\" aria-invalid=\"false\" value=\"\" type=\"text\" name=\"user-id\" \/><\/span>\n<\/p>\n<p><label>E-Posta<\/label><br \/>\n<span class=\"wpcf7-form-control-wrap\" data-name=\"user-email\"><input size=\"40\" maxlength=\"400\" minlength=\"9\" class=\"wpcf7-form-control wpcf7-email wpcf7-validates-as-required wpcf7-text wpcf7-validates-as-email\" autocomplete=\"email\" aria-required=\"true\" aria-invalid=\"false\" value=\"\" type=\"email\" name=\"user-email\" \/><\/span>\n<\/p>\n<p><label>Bize Anlat<\/label><br \/>\n<span class=\"wpcf7-form-control-wrap\" data-name=\"user-problem\"><textarea cols=\"40\" rows=\"10\" maxlength=\"2000\" minlength=\"10\" class=\"wpcf7-form-control wpcf7-textarea wpcf7-validates-as-required\" aria-required=\"true\" aria-invalid=\"false\" name=\"user-problem\"><\/textarea><\/span>\n<\/p>\n<p><input class=\"wpcf7-form-control wpcf7-submit has-spinner\" type=\"submit\" value=\"Payla\u015f\" \/>\n<\/p><div class=\"wpcf7-response-output\" aria-hidden=\"true\"><\/div>\n<input type=\"hidden\" name=\"trp-form-language\" value=\"tr\"\/><\/form>\n<\/div>\n\t\t\t\t<\/div>\n\t\t\t\t<\/div>\n\t\t\t\t\t<\/div>\n\t\t\t\t<\/div>\n\t\t\t\t<\/div>","protected":false},"excerpt":{"rendered":"<p>Search Contact Us User ID Email Describe your problem<\/p>","protected":false},"author":2,"featured_media":0,"parent":0,"menu_order":0,"comment_status":"closed","ping_status":"closed","template":"","meta":{"_coblocks_attr":"","_coblocks_dimensions":"","_coblocks_responsive_height":"","_coblocks_accordion_ie_support":"","footnotes":""},"class_list":["post-27528","page","type-page","status-publish","hentry"],"_links":{"self":[{"href":"https:\/\/birch.games\/tr\/wp-json\/wp\/v2\/pages\/27528","targetHints":{"allow":["GET"]}}],"collection":[{"href":"https:\/\/birch.games\/tr\/wp-json\/wp\/v2\/pages"}],"about":[{"href":"https:\/\/birch.games\/tr\/wp-json\/wp\/v2\/types\/page"}],"author":[{"embeddable":true,"href":"https:\/\/birch.games\/tr\/wp-json\/wp\/v2\/users\/2"}],"replies":[{"embeddable":true,"href":"https:\/\/birch.games\/tr\/wp-json\/wp\/v2\/comments?post=27528"}],"version-history":[{"count":82,"href":"https:\/\/birch.games\/tr\/wp-json\/wp\/v2\/pages\/27528\/revisions"}],"predecessor-version":[{"id":27948,"href":"https:\/\/birch.games\/tr\/wp-json\/wp\/v2\/pages\/27528\/revisions\/27948"}],"wp:attachment":[{"href":"https:\/\/birch.games\/tr\/wp-json\/wp\/v2\/media?parent=27528"}],"curies":[{"name":"wp","href":"https:\/\/api.w.org\/{rel}","templated":true}]}}