{"id":27721,"date":"2025-08-07T08:19:21","date_gmt":"2025-08-07T08:19:21","guid":{"rendered":"https:\/\/birch.games\/?page_id=27721"},"modified":"2025-08-07T08:34:32","modified_gmt":"2025-08-07T08:34:32","slug":"kickoff-tactics","status":"publish","type":"page","link":"https:\/\/birch.games\/tr\/kickoff-tactics\/","title":{"rendered":"Kickoff Tactics"},"content":{"rendered":"<div data-elementor-type=\"wp-page\" data-elementor-id=\"27721\" class=\"elementor elementor-27721\" data-elementor-post-type=\"page\">\n\t\t\t\t\t\t<section class=\"elementor-section elementor-top-section elementor-element elementor-element-c33df97 elementor-section-stretched elementor-section-boxed elementor-section-height-default elementor-section-height-default\" data-id=\"c33df97\" data-element_type=\"section\" data-e-type=\"section\" data-settings=\"{&quot;stretch_section&quot;:&quot;section-stretched&quot;,&quot;background_background&quot;:&quot;classic&quot;}\">\n\t\t\t\t\t\t<div class=\"elementor-container elementor-column-gap-default\">\n\t\t\t\t\t<div class=\"elementor-column elementor-col-100 elementor-top-column elementor-element elementor-element-83e7485\" data-id=\"83e7485\" data-element_type=\"column\" data-e-type=\"column\">\n\t\t\t<div class=\"elementor-widget-wrap elementor-element-populated\">\n\t\t\t\t\t\t<div class=\"elementor-element elementor-element-7f1ffa3 elementor-widget elementor-widget-image\" data-id=\"7f1ffa3\" data-element_type=\"widget\" data-e-type=\"widget\" data-widget_type=\"image.default\">\n\t\t\t\t<div class=\"elementor-widget-container\">\n\t\t\t\t\t\t\t\t\t\t\t\t\t\t\t<img fetchpriority=\"high\" decoding=\"async\" width=\"640\" height=\"333\" src=\"https:\/\/birch.games\/wp-content\/uploads\/2025\/07\/imaj1.png\" class=\"attachment-large size-large wp-image-27762\" alt=\"\" srcset=\"https:\/\/birch.games\/wp-content\/uploads\/2025\/07\/imaj1.png 800w, https:\/\/birch.games\/wp-content\/uploads\/2025\/07\/imaj1-300x156.png 300w, https:\/\/birch.games\/wp-content\/uploads\/2025\/07\/imaj1-768x399.png 768w\" sizes=\"(max-width: 640px) 100vw, 640px\" \/>\t\t\t\t\t\t\t\t\t\t\t\t\t\t\t<\/div>\n\t\t\t\t<\/div>\n\t\t\t\t\t<\/div>\n\t\t<\/div>\n\t\t\t\t\t<\/div>\n\t\t<\/section>\n\t\t\t\t<section class=\"elementor-section elementor-top-section elementor-element elementor-element-2bad7ed elementor-section-stretched elementor-section-content-middle elementor-section-boxed elementor-section-height-default elementor-section-height-default\" data-id=\"2bad7ed\" data-element_type=\"section\" data-e-type=\"section\" data-settings=\"{&quot;stretch_section&quot;:&quot;section-stretched&quot;,&quot;background_background&quot;:&quot;classic&quot;}\">\n\t\t\t\t\t\t<div class=\"elementor-container elementor-column-gap-default\">\n\t\t\t\t\t<div class=\"elementor-column elementor-col-50 elementor-top-column elementor-element elementor-element-ad5ffad\" data-id=\"ad5ffad\" data-element_type=\"column\" data-e-type=\"column\">\n\t\t\t<div class=\"elementor-widget-wrap elementor-element-populated\">\n\t\t\t\t\t\t<div class=\"elementor-element elementor-element-6ab619d elementor-widget elementor-widget-text-editor\" data-id=\"6ab619d\" data-element_type=\"widget\" data-e-type=\"widget\" data-widget_type=\"text-editor.default\">\n\t\t\t\t<div class=\"elementor-widget-container\">\n\t\t\t\t\t\t\t\t\t<p>GER\u00c7EK<\/p>\n<p>FUTBOL<\/p><p>KART<\/p>\n<p>OYUNU<\/p>\t\t\t\t\t\t\t\t<\/div>\n\t\t\t\t<\/div>\n\t\t\t\t\t<\/div>\n\t\t<\/div>\n\t\t\t\t<div class=\"elementor-column elementor-col-50 elementor-top-column elementor-element elementor-element-6fe4915\" data-id=\"6fe4915\" data-element_type=\"column\" data-e-type=\"column\">\n\t\t\t<div class=\"elementor-widget-wrap elementor-element-populated\">\n\t\t\t\t\t\t<div class=\"elementor-element elementor-element-d18859a elementor-widget elementor-widget-image\" data-id=\"d18859a\" data-element_type=\"widget\" data-e-type=\"widget\" data-widget_type=\"image.default\">\n\t\t\t\t<div class=\"elementor-widget-container\">\n\t\t\t\t\t\t\t\t\t\t\t\t\t\t\t<img decoding=\"async\" width=\"640\" height=\"335\" src=\"https:\/\/birch.games\/wp-content\/uploads\/2025\/07\/imaj2-1024x536.png\" class=\"attachment-large size-large wp-image-27763\" alt=\"\" srcset=\"https:\/\/birch.games\/wp-content\/uploads\/2025\/07\/imaj2-1024x536.png 1024w, https:\/\/birch.games\/wp-content\/uploads\/2025\/07\/imaj2-300x157.png 300w, https:\/\/birch.games\/wp-content\/uploads\/2025\/07\/imaj2-768x402.png 768w, https:\/\/birch.games\/wp-content\/uploads\/2025\/07\/imaj2-860x450.png 860w, https:\/\/birch.games\/wp-content\/uploads\/2025\/07\/imaj2.png 1200w\" sizes=\"(max-width: 640px) 100vw, 640px\" \/>\t\t\t\t\t\t\t\t\t\t\t\t\t\t\t<\/div>\n\t\t\t\t<\/div>\n\t\t\t\t\t<\/div>\n\t\t<\/div>\n\t\t\t\t\t<\/div>\n\t\t<\/section>\n\t\t\t\t<section class=\"elementor-section elementor-top-section elementor-element elementor-element-f408585 elementor-section-stretched elementor-section-full_width elementor-section-height-default elementor-section-height-default\" data-id=\"f408585\" data-element_type=\"section\" data-e-type=\"section\" data-settings=\"{&quot;stretch_section&quot;:&quot;section-stretched&quot;,&quot;background_background&quot;:&quot;classic&quot;}\">\n\t\t\t\t\t\t<div class=\"elementor-container elementor-column-gap-default\">\n\t\t\t\t\t<div class=\"elementor-column elementor-col-100 elementor-top-column elementor-element elementor-element-639710e\" data-id=\"639710e\" data-element_type=\"column\" data-e-type=\"column\">\n\t\t\t<div class=\"elementor-widget-wrap elementor-element-populated\">\n\t\t\t\t\t\t<section class=\"elementor-section elementor-inner-section elementor-element elementor-element-6fae25f elementor-section-content-middle elementor-section-boxed elementor-section-height-default elementor-section-height-default\" data-id=\"6fae25f\" data-element_type=\"section\" data-e-type=\"section\">\n\t\t\t\t\t\t<div class=\"elementor-container elementor-column-gap-default\">\n\t\t\t\t\t<div class=\"elementor-column elementor-col-50 elementor-inner-column elementor-element elementor-element-7f24aee\" data-id=\"7f24aee\" data-element_type=\"column\" data-e-type=\"column\">\n\t\t\t<div class=\"elementor-widget-wrap elementor-element-populated\">\n\t\t\t\t\t\t<div class=\"elementor-element elementor-element-76307ec elementor-hidden-desktop elementor-widget elementor-widget-rs-heading\" data-id=\"76307ec\" data-element_type=\"widget\" data-e-type=\"widget\" data-widget_type=\"rs-heading.default\">\n\t\t\t\t<div class=\"elementor-widget-container\">\n\t\t\t\t\t\n        <div class=\"prelements-heading default animate- left\">\n        \t<div class=\"title-inner\"> \n\t        \t       \t\t      \t\t\n\t            <h2 class=\"title\"><span class=\"watermark\"><\/span><div style=\"text-align: center\">NASIL <br> <span>OYNANIR<\/span><\/div>\n<\/h2>\t\t\t\t\n\t\t\t\t\t        <\/div>\n\t                <\/div>\n        \t\t\t\t<\/div>\n\t\t\t\t<\/div>\n\t\t\t\t<div class=\"elementor-element elementor-element-6726f93 elementor-hidden-tablet elementor-hidden-mobile elementor-widget elementor-widget-rs-heading\" data-id=\"6726f93\" data-element_type=\"widget\" data-e-type=\"widget\" data-widget_type=\"rs-heading.default\">\n\t\t\t\t<div class=\"elementor-widget-container\">\n\t\t\t\t\t\n        <div class=\"prelements-heading default animate- left\">\n        \t<div class=\"title-inner\"> \n\t        \t       \t\t      \t\t\n\t            <h2 class=\"title\"><span class=\"watermark\"><\/span>NASIL <span>OYNANIR<\/span>\n<\/h2>\t\t\t\t\n\t\t\t\t\t        <\/div>\n\t                <\/div>\n        \t\t\t\t<\/div>\n\t\t\t\t<\/div>\n\t\t\t\t\t<\/div>\n\t\t<\/div>\n\t\t\t\t<div class=\"elementor-column elementor-col-50 elementor-inner-column elementor-element elementor-element-1582143\" data-id=\"1582143\" data-element_type=\"column\" data-e-type=\"column\">\n\t\t\t<div class=\"elementor-widget-wrap elementor-element-populated\">\n\t\t\t\t\t\t<div class=\"elementor-element elementor-element-3497eea elementor-widget elementor-widget-rs-button\" data-id=\"3497eea\" data-element_type=\"widget\" data-e-type=\"widget\" data-widget_type=\"rs-button.default\">\n\t\t\t\t<div class=\"elementor-widget-container\">\n\t\t\t\t\t\t\t\r\n\t\t\t\t\t<div class=\"rs-btn\">\r\n\t\t\t\t\t\t\t\t<a class=\"rs_button double-bg-disable\" href=\"\/tr\/kickoff-tactics-howtoplay\/\" >\t\t\t\t\r\n\t\t\t\t\t<span class=\"btn_text\">Hemen \u0130ncele<\/span>\r\n\t\t\t\t\t\t\t\t\t<\/a>\r\n\t\t\t<\/div> \r\n\t\t   \r\n\t\t\t\t\t<\/div>\n\t\t\t\t<\/div>\n\t\t\t\t\t<\/div>\n\t\t<\/div>\n\t\t\t\t\t<\/div>\n\t\t<\/section>\n\t\t\t\t\t<\/div>\n\t\t<\/div>\n\t\t\t\t\t<\/div>\n\t\t<\/section>\n\t\t\t\t<section class=\"elementor-section elementor-top-section elementor-element elementor-element-c650525 elementor-section-stretched elementor-section-content-middle elementor-section-boxed elementor-section-height-default elementor-section-height-default\" data-id=\"c650525\" data-element_type=\"section\" data-e-type=\"section\" data-settings=\"{&quot;stretch_section&quot;:&quot;section-stretched&quot;,&quot;background_background&quot;:&quot;classic&quot;}\">\n\t\t\t\t\t\t<div class=\"elementor-container elementor-column-gap-default\">\n\t\t\t\t\t<div class=\"elementor-column elementor-col-50 elementor-top-column elementor-element elementor-element-3aa0aed\" data-id=\"3aa0aed\" data-element_type=\"column\" data-e-type=\"column\">\n\t\t\t<div class=\"elementor-widget-wrap elementor-element-populated\">\n\t\t\t\t\t\t<div class=\"elementor-element elementor-element-42be1d7 elementor-widget elementor-widget-image\" data-id=\"42be1d7\" data-element_type=\"widget\" data-e-type=\"widget\" data-widget_type=\"image.default\">\n\t\t\t\t<div class=\"elementor-widget-container\">\n\t\t\t\t\t\t\t\t\t\t\t\t\t\t\t<img decoding=\"async\" width=\"640\" height=\"335\" src=\"https:\/\/birch.games\/wp-content\/uploads\/2025\/07\/imaj3-1024x536.png\" class=\"attachment-large size-large wp-image-27764\" alt=\"\" srcset=\"https:\/\/birch.games\/wp-content\/uploads\/2025\/07\/imaj3-1024x536.png 1024w, https:\/\/birch.games\/wp-content\/uploads\/2025\/07\/imaj3-300x157.png 300w, https:\/\/birch.games\/wp-content\/uploads\/2025\/07\/imaj3-768x402.png 768w, https:\/\/birch.games\/wp-content\/uploads\/2025\/07\/imaj3-860x450.png 860w, https:\/\/birch.games\/wp-content\/uploads\/2025\/07\/imaj3.png 1200w\" sizes=\"(max-width: 640px) 100vw, 640px\" \/>\t\t\t\t\t\t\t\t\t\t\t\t\t\t\t<\/div>\n\t\t\t\t<\/div>\n\t\t\t\t\t<\/div>\n\t\t<\/div>\n\t\t\t\t<div class=\"elementor-column elementor-col-50 elementor-top-column elementor-element elementor-element-36c3da9\" data-id=\"36c3da9\" data-element_type=\"column\" data-e-type=\"column\">\n\t\t\t<div class=\"elementor-widget-wrap elementor-element-populated\">\n\t\t\t\t\t\t<div class=\"elementor-element elementor-element-169b751 elementor-widget elementor-widget-text-editor\" data-id=\"169b751\" data-element_type=\"widget\" data-e-type=\"widget\" data-widget_type=\"text-editor.default\">\n\t\t\t\t<div class=\"elementor-widget-container\">\n\t\t\t\t\t\t\t\t\t<p>400+<\/p>\n<p>FIFPRO L\u0130SANSLI<\/p>\n<p>OYUNCU<\/p>\n<p>B\u0130R\u0130KT\u0130R<\/p>\t\t\t\t\t\t\t\t<\/div>\n\t\t\t\t<\/div>\n\t\t\t\t\t<\/div>\n\t\t<\/div>\n\t\t\t\t\t<\/div>\n\t\t<\/section>\n\t\t\t\t<section class=\"elementor-section elementor-top-section elementor-element elementor-element-ed77a3c elementor-section-stretched elementor-section-content-middle elementor-section-boxed elementor-section-height-default elementor-section-height-default\" data-id=\"ed77a3c\" data-element_type=\"section\" data-e-type=\"section\" data-settings=\"{&quot;stretch_section&quot;:&quot;section-stretched&quot;,&quot;background_background&quot;:&quot;classic&quot;}\">\n\t\t\t\t\t\t<div class=\"elementor-container elementor-column-gap-default\">\n\t\t\t\t\t<div class=\"elementor-column elementor-col-50 elementor-top-column elementor-element elementor-element-4257aa0\" data-id=\"4257aa0\" data-element_type=\"column\" data-e-type=\"column\">\n\t\t\t<div class=\"elementor-widget-wrap elementor-element-populated\">\n\t\t\t\t\t\t<div class=\"elementor-element elementor-element-7c22d93 elementor-widget elementor-widget-text-editor\" data-id=\"7c22d93\" data-element_type=\"widget\" data-e-type=\"widget\" data-widget_type=\"text-editor.default\">\n\t\t\t\t<div class=\"elementor-widget-container\">\n\t\t\t\t\t\t\t\t\t<p>FIFPRO<\/p><p>RESM\u0130<\/p><p>ORTA\u011eI<\/p>\t\t\t\t\t\t\t\t<\/div>\n\t\t\t\t<\/div>\n\t\t\t\t\t<\/div>\n\t\t<\/div>\n\t\t\t\t<div class=\"elementor-column elementor-col-50 elementor-top-column elementor-element elementor-element-bb7b0ca\" data-id=\"bb7b0ca\" data-element_type=\"column\" data-e-type=\"column\">\n\t\t\t<div class=\"elementor-widget-wrap elementor-element-populated\">\n\t\t\t\t\t\t<div class=\"elementor-element elementor-element-fafc075 elementor-widget elementor-widget-image\" data-id=\"fafc075\" data-element_type=\"widget\" data-e-type=\"widget\" data-widget_type=\"image.default\">\n\t\t\t\t<div class=\"elementor-widget-container\">\n\t\t\t\t\t\t\t\t\t\t\t\t\t\t\t<img loading=\"lazy\" decoding=\"async\" width=\"634\" height=\"1024\" src=\"https:\/\/birch.games\/wp-content\/uploads\/2025\/07\/imaj4-634x1024.png\" class=\"attachment-large size-large wp-image-27765\" alt=\"\" srcset=\"https:\/\/birch.games\/wp-content\/uploads\/2025\/07\/imaj4-634x1024.png 634w, https:\/\/birch.games\/wp-content\/uploads\/2025\/07\/imaj4-186x300.png 186w, https:\/\/birch.games\/wp-content\/uploads\/2025\/07\/imaj4-768x1240.png 768w, https:\/\/birch.games\/wp-content\/uploads\/2025\/07\/imaj4-951x1536.png 951w, https:\/\/birch.games\/wp-content\/uploads\/2025\/07\/imaj4-1269x2048.png 1269w, https:\/\/birch.games\/wp-content\/uploads\/2025\/07\/imaj4-scaled.png 1586w\" sizes=\"(max-width: 634px) 100vw, 634px\" \/>\t\t\t\t\t\t\t\t\t\t\t\t\t\t\t<\/div>\n\t\t\t\t<\/div>\n\t\t\t\t\t<\/div>\n\t\t<\/div>\n\t\t\t\t\t<\/div>\n\t\t<\/section>\n\t\t\t\t<section class=\"elementor-section elementor-top-section elementor-element elementor-element-8f42fc1 elementor-section-stretched elementor-section-boxed elementor-section-height-default elementor-section-height-default\" data-id=\"8f42fc1\" data-element_type=\"section\" data-e-type=\"section\" data-settings=\"{&quot;stretch_section&quot;:&quot;section-stretched&quot;,&quot;background_background&quot;:&quot;classic&quot;}\">\n\t\t\t\t\t\t<div class=\"elementor-container elementor-column-gap-default\">\n\t\t\t\t\t<div class=\"elementor-column elementor-col-100 elementor-top-column elementor-element elementor-element-91c497a\" data-id=\"91c497a\" data-element_type=\"column\" data-e-type=\"column\">\n\t\t\t<div class=\"elementor-widget-wrap elementor-element-populated\">\n\t\t\t\t\t\t<div class=\"elementor-element elementor-element-049213b elementor-widget elementor-widget-heading\" data-id=\"049213b\" data-element_type=\"widget\" data-e-type=\"widget\" data-widget_type=\"heading.default\">\n\t\t\t\t<div class=\"elementor-widget-container\">\n\t\t\t\t\t<h2 class=\"elementor-heading-title elementor-size-default\">Yasal Bilgiler<\/h2>\t\t\t\t<\/div>\n\t\t\t\t<\/div>\n\t\t\t\t<div class=\"elementor-element elementor-element-88d9e23 elementor-widget elementor-widget-text-editor\" data-id=\"88d9e23\" data-element_type=\"widget\" data-e-type=\"widget\" data-widget_type=\"text-editor.default\">\n\t\t\t\t<div class=\"elementor-widget-container\">\n\t\t\t\t\t\t\t\t\t<p>Barbaros Bulvar\u0131, Faruk Can\u0131tez Sok. No:8, 34353 Be\u015fikta\u015f\/\u0130stanbul<\/p><p>E-Posta\u00a0<a href=\"mailto:support@birch.games\">support@birch.games<\/a><\/p><p><strong>\u00dcr\u00fcnlerde kullan\u0131lan t\u00fcm foto\u011fraflar, telif haklar\u0131 kendilerine ait olmak \u00fczere \u015fu ki\u015filere\/kurumlara aittir:<\/strong><\/p><p>imago sportfotodienst GmbH, Berliner Str. 16, 13127 Berlin<\/p>\t\t\t\t\t\t\t\t<\/div>\n\t\t\t\t<\/div>\n\t\t\t\t\t<\/div>\n\t\t<\/div>\n\t\t\t\t\t<\/div>\n\t\t<\/section>\n\t\t\t\t<\/div>","protected":false},"excerpt":{"rendered":"<p>ULTIMATE FOOTBALL CARD GAME HOW TO PLAY HOW TO PLAY Get Started 400+ FIFPRO LICENCED PLAYERS TO COLLECT PARTNERED WITH FIFPRO Imprint Barbaros Bulvar\u0131, Faruk Can\u0131tez Sok. No:8, 34353 Be\u015fikta\u015f\/\u0130stanbul Email:\u00a0support@birch.games All photos used in products are credited to and under copyright of: imago sportfotodienst GmbH, Berliner Str. 16, 13127 Berlin<\/p>","protected":false},"author":2,"featured_media":27762,"parent":0,"menu_order":0,"comment_status":"closed","ping_status":"closed","template":"","meta":{"_coblocks_attr":"","_coblocks_dimensions":"","_coblocks_responsive_height":"","_coblocks_accordion_ie_support":"","footnotes":""},"class_list":["post-27721","page","type-page","status-publish","has-post-thumbnail","hentry"],"_links":{"self":[{"href":"https:\/\/birch.games\/tr\/wp-json\/wp\/v2\/pages\/27721","targetHints":{"allow":["GET"]}}],"collection":[{"href":"https:\/\/birch.games\/tr\/wp-json\/wp\/v2\/pages"}],"about":[{"href":"https:\/\/birch.games\/tr\/wp-json\/wp\/v2\/types\/page"}],"author":[{"embeddable":true,"href":"https:\/\/birch.games\/tr\/wp-json\/wp\/v2\/users\/2"}],"replies":[{"embeddable":true,"href":"https:\/\/birch.games\/tr\/wp-json\/wp\/v2\/comments?post=27721"}],"version-history":[{"count":145,"href":"https:\/\/birch.games\/tr\/wp-json\/wp\/v2\/pages\/27721\/revisions"}],"predecessor-version":[{"id":27920,"href":"https:\/\/birch.games\/tr\/wp-json\/wp\/v2\/pages\/27721\/revisions\/27920"}],"wp:featuredmedia":[{"embeddable":true,"href":"https:\/\/birch.games\/tr\/wp-json\/wp\/v2\/media\/27762"}],"wp:attachment":[{"href":"https:\/\/birch.games\/tr\/wp-json\/wp\/v2\/media?parent=27721"}],"curies":[{"name":"wp","href":"https:\/\/api.w.org\/{rel}","templated":true}]}}